{"id":77,"date":"2014-01-04T22:45:24","date_gmt":"2014-01-04T21:45:24","guid":{"rendered":"http:\/\/www.ilcavallorosso.it\/?page_id=77"},"modified":"2019-05-04T15:30:05","modified_gmt":"2019-05-04T13:30:05","slug":"la-fondazione","status":"publish","type":"page","link":"https:\/\/www.ilcavallorosso.it\/index.php\/chi-siamo\/la-fondazione\/","title":{"rendered":"la fondazione"},"content":{"rendered":"<p>[et_pb_section fb_built=&#8221;1&#8243; _builder_version=&#8221;3.22.7&#8243;][et_pb_row _builder_version=&#8221;3.22.7&#8243;][et_pb_column type=&#8221;4_4&#8243; _builder_version=&#8221;3.22.7&#8243;][et_pb_text _builder_version=&#8221;3.22.7&#8243; text_font=&#8221;Arvo|700|||||||&#8221; text_text_color=&#8221;#E02B20&#8243; text_font_size=&#8221;28px&#8221;]<\/p>\n<p><b>LA FONDAZIONE<\/b><\/p>\n<p>[\/et_pb_text][\/et_pb_column][\/et_pb_row][et_pb_row _builder_version=&#8221;3.22.3&#8243; background_size=&#8221;initial&#8221; background_position=&#8221;top_left&#8221; background_repeat=&#8221;repeat&#8221;][et_pb_column type=&#8221;1_2&#8243; _builder_version=&#8221;3.0.47&#8243;][et_pb_text admin_label=&#8221;Text&#8221; _builder_version=&#8221;3.22.7&#8243; text_font=&#8221;||||||||&#8221; text_text_color=&#8221;#000000&#8243; background_size=&#8221;initial&#8221; background_position=&#8221;top_left&#8221; background_repeat=&#8221;repeat&#8221;]A fine maggio 2009 un gruppo di persone si \u00e8 riunito per dar vita alla <strong>Fondazione Il Cavallo Rosso<\/strong>. Queste persone, vivendo e lavorando sul territorio della provincia di Monza e Brianza, desideravano poter offrire opportunit\u00e0 di crescita e di educazione ai giovani attraverso il sostegno all\u2019<strong>Istituto Culturale Don Carlo Gnocchi<\/strong>, una realt\u00e0 gi\u00e0 operativa con questi obiettivi.<\/p>\n<p>Ci\u00f2 che accomuna queste persone \u00e8 la consapevolezza del valore dell\u2019istruzione e della formazione per i giovani e il desiderio che possano trovare opportunit\u00e0, luoghi e persone per formarsi e crescere secondo le loro molteplici esigenze e attitudini, per diventare gli uomini di domani. \u00c8 cos\u00ec che nasce la <strong>Fondazione<\/strong>, per promuovere e sostenere attivit\u00e0 educative, ricreative ed assistenziali, perch\u00e9 i ragazzi possano partecipare ad un positivo approccio alla vita e al suo significato.[\/et_pb_text][\/et_pb_column][et_pb_column type=&#8221;1_2&#8243; _builder_version=&#8221;3.0.47&#8243;][et_pb_text admin_label=&#8221;Text&#8221; _builder_version=&#8221;3.22.7&#8243; text_font=&#8221;||||||||&#8221; text_text_color=&#8221;#000000&#8243; background_size=&#8221;initial&#8221; background_position=&#8221;top_left&#8221; background_repeat=&#8221;repeat&#8221;]Per partecipare alla realizzazione di questo progetto, la <strong>Fondazione<\/strong> intende coinvolgere Enti, Istituzioni, privati, famiglie, ex alunni, ed anche imprese.<\/p>\n<p>Il servizio reso dall\u2019<strong>Istituto Scolastico Don Gnocchi<\/strong> \u00e8 infatti pubblico e di utilit\u00e0 sociale; di conseguenza tutto il contesto territoriale \u00e8 interessato e corresponsabile allo sviluppo di opportunit\u00e0 di crescita per i giovani.<\/p>\n<p>Tutti i maggiori esperti di questioni sociali, insieme all\u2019opinione pubblica pi\u00f9 avveduta, condividono la convinzione che le gravi contraddizioni presenti nella nostra societ\u00e0 possono essere affrontate solo a partire dalle risorse umane.<\/p>\n<p>Lo sviluppo economico ed il rispetto diffuso delle leggi, la salvaguardia dell\u2019ambiente come la solidariet\u00e0 sociale e l\u2019integrazione fra diversi possono essere perseguiti solo a condizione di curare l\u2019educazione dei giovani.<\/p>\n<p>L\u2019obiettivo della <strong>Fondazione Il Cavallo Rosso<\/strong> \u00e8 dunque un obiettivo di tutti.[\/et_pb_text][\/et_pb_column][\/et_pb_row][\/et_pb_section][et_pb_section fb_built=&#8221;1&#8243; inner_shadow=&#8221;on&#8221; _builder_version=&#8221;3.22.7&#8243; background_color=&#8221;#efefef&#8221;][et_pb_row _builder_version=&#8221;3.22.7&#8243;][et_pb_column type=&#8221;1_2&#8243; _builder_version=&#8221;3.22.7&#8243;][et_pb_image src=&#8221;https:\/\/www.ilcavallorosso.it\/wp-content\/uploads\/corti_16_9.jpg&#8221; admin_label=&#8221;immagine Corti&#8221; _builder_version=&#8221;3.22.7&#8243; box_shadow_style=&#8221;preset3&#8243; animation_direction=&#8221;right&#8221; animation=&#8221;right&#8221;][\/et_pb_image][\/et_pb_column][et_pb_column type=&#8221;1_2&#8243; _builder_version=&#8221;3.22.7&#8243;][et_pb_testimonial author=&#8221;Eugenio Corti&#8221; quote_icon=&#8221;off&#8221; admin_label=&#8221;Corti quote&#8221; _builder_version=&#8221;3.22.7&#8243; background_color=&#8221;#e02b20&#8243; background_size=&#8221;initial&#8221; background_position=&#8221;top_left&#8221; background_repeat=&#8221;repeat&#8221; box_shadow_style=&#8221;preset3&#8243; background_layout=&#8221;dark&#8221;]Come spiega il vocabolario: <em>Fondazione<\/em> significa <em>Istituzione di carattere privato con personalit\u00e0 giuridica, dotata di fondi per l\u2019assoluzione di determinati compiti<\/em>.<\/p>\n<p>Ebbene, tali compiti io li espongo nel mio romanzo. Essi hanno caratterizzato la realt\u00e0 quotidiana del mondo della Brianza nel secolo Ventesimo: si tratta di una realt\u00e0 che, con l\u2019aiuto di Dio, ha difeso questa gente dallo sfascio che ha invece colpito tante altre zone d\u2019Italia e dell\u2019intero Occidente. Vogliamo in breve ricordare tale realt\u00e0 per quanto concerne i giovani? Anzitutto una preparazione davvero solida alla vita, abituandoli fin da principio ad agire s\u00ec con allegria, ma sempre in modo valido, cio\u00e8 con seriet\u00e0 di fondo e con fiducia nelle idee proprie e della propria gente. Poi il gusto del far bene ogni cosa in cui ci si impegna. Infine, al termine della giornata o dell\u2019opera, la soddisfazione per il lavoro ben fatto, il sentirsene ripagati. Scusatemi, ma un Cavallo non pu\u00f2 dire di pi\u00f9: guardate per\u00f2 che questo non \u00e8 poco, si tratta di un patrimonio di vita veramente invidiabile che, senza presunzione, la Brianza deve preservare e possibilmente sviluppare.[\/et_pb_testimonial][\/et_pb_column][\/et_pb_row][\/et_pb_section]<\/p>\n","protected":false},"excerpt":{"rendered":"<p>A fine Maggio 2009 un gruppo di persone si \u00e8 riunito per dar vita alla Fondazione Il Cavallo Rosso. Queste persone, vivendo e lavorando sul territorio della provincia di Monza e Brianza, desideravano poter offrire opportunit\u00e0 di crescita e di educazione ai giovani attraverso il sostegno all\u2019Istituto Culturale Don Carlo Gnocchi, una realt\u00e0 gi\u00e0 operativa con questi obiettivi.<\/p>\n","protected":false},"author":1,"featured_media":121,"parent":401,"menu_order":0,"comment_status":"open","ping_status":"open","template":"","meta":{"_et_pb_use_builder":"on","_et_pb_old_content":"","_et_gb_content_width":"","footnotes":""},"class_list":["post-77","page","type-page","status-publish","has-post-thumbnail","hentry"],"_links":{"self":[{"href":"https:\/\/www.ilcavallorosso.it\/index.php\/wp-json\/wp\/v2\/pages\/77","targetHints":{"allow":["GET"]}}],"collection":[{"href":"https:\/\/www.ilcavallorosso.it\/index.php\/wp-json\/wp\/v2\/pages"}],"about":[{"href":"https:\/\/www.ilcavallorosso.it\/index.php\/wp-json\/wp\/v2\/types\/page"}],"author":[{"embeddable":true,"href":"https:\/\/www.ilcavallorosso.it\/index.php\/wp-json\/wp\/v2\/users\/1"}],"replies":[{"embeddable":true,"href":"https:\/\/www.ilcavallorosso.it\/index.php\/wp-json\/wp\/v2\/comments?post=77"}],"version-history":[{"count":33,"href":"https:\/\/www.ilcavallorosso.it\/index.php\/wp-json\/wp\/v2\/pages\/77\/revisions"}],"predecessor-version":[{"id":782,"href":"https:\/\/www.ilcavallorosso.it\/index.php\/wp-json\/wp\/v2\/pages\/77\/revisions\/782"}],"up":[{"embeddable":true,"href":"https:\/\/www.ilcavallorosso.it\/index.php\/wp-json\/wp\/v2\/pages\/401"}],"wp:featuredmedia":[{"embeddable":true,"href":"https:\/\/www.ilcavallorosso.it\/index.php\/wp-json\/wp\/v2\/media\/121"}],"wp:attachment":[{"href":"https:\/\/www.ilcavallorosso.it\/index.php\/wp-json\/wp\/v2\/media?parent=77"}],"curies":[{"name":"wp","href":"https:\/\/api.w.org\/{rel}","templated":true}]}}