{"id":90,"date":"2014-01-04T23:00:05","date_gmt":"2014-01-04T22:00:05","guid":{"rendered":"http:\/\/www.ilcavallorosso.it\/?page_id=90"},"modified":"2019-05-04T20:19:57","modified_gmt":"2019-05-04T18:19:57","slug":"la-mission","status":"publish","type":"page","link":"https:\/\/www.ilcavallorosso.it\/index.php\/chi-siamo\/la-mission\/","title":{"rendered":"la mission"},"content":{"rendered":"<p>[et_pb_section fb_built=&#8221;1&#8243; _builder_version=&#8221;3.22.7&#8243;][et_pb_row _builder_version=&#8221;3.22.7&#8243;][et_pb_column type=&#8221;4_4&#8243; _builder_version=&#8221;3.22.7&#8243;][et_pb_text _builder_version=&#8221;3.22.7&#8243; text_font=&#8221;Arvo|700|||||||&#8221; text_text_color=&#8221;#E02B20&#8243; text_font_size=&#8221;28px&#8221;]<\/p>\n<p>LA MISSION<\/p>\n<p>[\/et_pb_text][\/et_pb_column][\/et_pb_row][et_pb_row _builder_version=&#8221;3.22.7&#8243;][et_pb_column type=&#8221;1_2&#8243; _builder_version=&#8221;3.22.7&#8243;][et_pb_text admin_label=&#8221;Text&#8221; _builder_version=&#8221;3.0.74&#8243; background_size=&#8221;initial&#8221; background_position=&#8221;top_left&#8221; background_repeat=&#8221;repeat&#8221;]<\/p>\n<p>La <strong>Fondazione Il Cavallo Rosso<\/strong> nasce per favorire, attraverso la sua attivit\u00e0, la persona nel suo itinerario formativo, promuovendo, sostenendo e contribuendo alla realizzazione di attivit\u00e0 educative, formative, ricreative ed assistenziali, finalizzate in particolar modo al sostegno dei minori in et\u00e0 evolutiva ed adolescenziale.<br \/> La <strong>Fondazione<\/strong> vuole in particolare essere sostegno nello sviluppo delle attivit\u00e0 educative realizzate dall\u2019<strong>Istituzione Culturale Don Gnocchi<\/strong>, nata nel 1988.<\/p>\n<p>&nbsp;<\/p>\n<p>[\/et_pb_text][\/et_pb_column][et_pb_column type=&#8221;1_2&#8243; _builder_version=&#8221;3.22.7&#8243;][et_pb_text admin_label=&#8221;Text&#8221; _builder_version=&#8221;3.0.74&#8243; background_size=&#8221;initial&#8221; background_position=&#8221;top_left&#8221; background_repeat=&#8221;repeat&#8221;]<\/p>\n<p>Sostenere l\u2019<strong>Istituzione Culturale Don Carlo Gnocchi<\/strong> significa sostenere un luogo dove gli uomini di domani possano crescere ed essere educati nel principio della libert\u00e0 di fare, in maniera responsabile e adulta, in un contesto attento alle loro esigenze e al loro sviluppo in ambito famigliare, lavorativo e sociale.<\/p>\n<p>La Fondazione si impegna per permettere all\u2019Istituzione di realizzare quanto descritto nel migliore dei modi, consentendole la possibilit\u00e0 di portare avanti la sua attivit\u00e0 educativa ormai consolidata sul territorio, sostenendola in termini economici e strategici e garantendole gli strumenti necessari a sviluppare la sua missione.<\/p>\n<p>[\/et_pb_text][\/et_pb_column][\/et_pb_row][\/et_pb_section][et_pb_section fb_built=&#8221;1&#8243; inner_shadow=&#8221;on&#8221; _builder_version=&#8221;3.22.7&#8243; background_color=&#8221;#efefef&#8221;][et_pb_row _builder_version=&#8221;3.22.7&#8243;][et_pb_column type=&#8221;4_4&#8243; _builder_version=&#8221;3.22.7&#8243;][et_pb_text _builder_version=&#8221;3.22.7&#8243; text_font=&#8221;Arvo|700|||||||&#8221; text_text_color=&#8221;#E02B20&#8243; text_font_size=&#8221;28px&#8221;]<\/p>\n<p>GLI OBIETTIVI<\/p>\n<p>[\/et_pb_text][\/et_pb_column][\/et_pb_row][et_pb_row _builder_version=&#8221;3.22.7&#8243;][et_pb_column type=&#8221;4_4&#8243; _builder_version=&#8221;3.22.7&#8243;][et_pb_text _builder_version=&#8221;3.22.7&#8243;]<\/p>\n<p>Le azioni che la <strong>Fondazione Il Cavallo Rosso<\/strong> intende realizzare con la sua attivit\u00e0 sono legate principalmente al raggiungimento di tre obiettivi precisi:<\/p>\n<p>[\/et_pb_text][\/et_pb_column][\/et_pb_row][et_pb_row _builder_version=&#8221;3.22.7&#8243;][et_pb_column type=&#8221;1_3&#8243; _builder_version=&#8221;3.22.7&#8243;][et_pb_blurb title=&#8221;ASSEGNI DI STUDIO&#8221; use_icon=&#8221;on&#8221; font_icon=&#8221;%%157%%&#8221; _builder_version=&#8221;3.22.7&#8243; header_font=&#8221;Arvo|700|||||||&#8221; header_text_color=&#8221;#E02B20&#8243; header_text_align=&#8221;center&#8221;]<\/p>\n<p>offrire assegni di studio per gli studenti che non sono in grado di sostenere economicamente la retta ma che desiderano studiare presso l\u2019<strong>Istituto Scolastico Don Carlo Gnocchi<\/strong>\n<\/p>\n<p>[\/et_pb_blurb][\/et_pb_column][et_pb_column type=&#8221;1_3&#8243; _builder_version=&#8221;3.22.7&#8243;][et_pb_blurb title=&#8221;PROGETTI EDUCATIVI&#8221; use_icon=&#8221;on&#8221; font_icon=&#8221;%%158%%&#8221; _builder_version=&#8221;3.22.7&#8243; header_font=&#8221;Arvo|700|||||||&#8221; header_text_color=&#8221;#E02B20&#8243; header_text_align=&#8221;center&#8221;]<\/p>\n<p>sostenere singoli progetti ed iniziative per lo sviluppo e la promozione delle attivit\u00e0 educative dell\u2019<strong>Istituto<\/strong>\u00a0stesso<\/p>\n<p>[\/et_pb_blurb][\/et_pb_column][et_pb_column type=&#8221;1_3&#8243; _builder_version=&#8221;3.22.7&#8243;][et_pb_blurb title=&#8221;STRUTTURE SCOLASTICHE&#8221; use_icon=&#8221;on&#8221; font_icon=&#8221;%%102%%&#8221; _builder_version=&#8221;3.22.7&#8243; header_font=&#8221;Arvo|700|||||||&#8221; header_text_color=&#8221;#E02B20&#8243; header_text_align=&#8221;center&#8221;]<\/p>\n<p>garantire la realizzazione, nel tempo, delle strutture necessarie allo sviluppo dell\u2019attivit\u00e0 scolastica<\/p>\n<p>[\/et_pb_blurb][\/et_pb_column][\/et_pb_row][\/et_pb_section]<\/p>\n","protected":false},"excerpt":{"rendered":"<p>LA MISSIONLa Fondazione Il Cavallo Rosso nasce per favorire, attraverso la sua attivit\u00e0, la persona nel suo itinerario formativo, promuovendo, sostenendo e contribuendo alla realizzazione di attivit\u00e0 educative, formative, ricreative ed assistenziali, finalizzate in particolar modo al sostegno dei minori in et\u00e0 evolutiva ed adolescenziale. La Fondazione vuole in particolare essere sostegno nello sviluppo delle [&hellip;]<\/p>\n","protected":false},"author":1,"featured_media":0,"parent":401,"menu_order":0,"comment_status":"open","ping_status":"open","template":"","meta":{"_et_pb_use_builder":"on","_et_pb_old_content":"","_et_gb_content_width":"","footnotes":""},"class_list":["post-90","page","type-page","status-publish","hentry"],"_links":{"self":[{"href":"https:\/\/www.ilcavallorosso.it\/index.php\/wp-json\/wp\/v2\/pages\/90","targetHints":{"allow":["GET"]}}],"collection":[{"href":"https:\/\/www.ilcavallorosso.it\/index.php\/wp-json\/wp\/v2\/pages"}],"about":[{"href":"https:\/\/www.ilcavallorosso.it\/index.php\/wp-json\/wp\/v2\/types\/page"}],"author":[{"embeddable":true,"href":"https:\/\/www.ilcavallorosso.it\/index.php\/wp-json\/wp\/v2\/users\/1"}],"replies":[{"embeddable":true,"href":"https:\/\/www.ilcavallorosso.it\/index.php\/wp-json\/wp\/v2\/comments?post=90"}],"version-history":[{"count":7,"href":"https:\/\/www.ilcavallorosso.it\/index.php\/wp-json\/wp\/v2\/pages\/90\/revisions"}],"predecessor-version":[{"id":787,"href":"https:\/\/www.ilcavallorosso.it\/index.php\/wp-json\/wp\/v2\/pages\/90\/revisions\/787"}],"up":[{"embeddable":true,"href":"https:\/\/www.ilcavallorosso.it\/index.php\/wp-json\/wp\/v2\/pages\/401"}],"wp:attachment":[{"href":"https:\/\/www.ilcavallorosso.it\/index.php\/wp-json\/wp\/v2\/media?parent=90"}],"curies":[{"name":"wp","href":"https:\/\/api.w.org\/{rel}","templated":true}]}}